{"id":18,"date":"2015-06-12T16:56:34","date_gmt":"2015-06-12T16:56:34","guid":{"rendered":"http:\/\/www.dulceslaliguana.cl\/portada\/?page_id=18"},"modified":"2023-03-20T23:01:54","modified_gmt":"2023-03-20T23:01:54","slug":"quienes-somos","status":"publish","type":"page","link":"https:\/\/www.dulceslaliguana.cl\/portada\/quienes-somos\/","title":{"rendered":"Historia"},"content":{"rendered":"<p><a href=\"http:\/\/www.dulceslaliguana.cl\/portada\/wp-content\/uploads\/2015\/06\/historia3.jpg\"><img fetchpriority=\"high\" decoding=\"async\" class=\"size-medium wp-image-259 alignleft\" src=\"http:\/\/www.dulceslaliguana.cl\/portada\/wp-content\/uploads\/2015\/06\/historia3-300x214.jpg\" alt=\"historia3\" width=\"300\" height=\"214\" srcset=\"https:\/\/www.dulceslaliguana.cl\/portada\/wp-content\/uploads\/2015\/06\/historia3-300x214.jpg 300w, https:\/\/www.dulceslaliguana.cl\/portada\/wp-content\/uploads\/2015\/06\/historia3-600x428.jpg 600w, https:\/\/www.dulceslaliguana.cl\/portada\/wp-content\/uploads\/2015\/06\/historia3.jpg 800w\" sizes=\"(max-width: 300px) 100vw, 300px\" \/><\/a>En el a\u00f1o 1972 contraen matrimonio Marcelo David Plaza Jaque y Ruth Mar\u00eda Olivares Fuentes quien se dedico a vender los dulces en la zona norte de nuestro pais siendo el primero en llevar directamente este delicioso producto, m\u00e1s tarde en 1977 ambos comienzan a fabricar sus propios productos &nbsp;bajo altos est\u00e1ndares de calidad y preservando la tradici\u00f3n. Luego deciden trasladar la fabrica de dulces la liguana a la ciudad de Cha\u00f1aral 3 regi\u00f3n donde estuvo endulzando el norte. Estuvieron 12 a\u00f1os en las playas como Caldera,&nbsp;Bah\u00eda Inglesa, tambi\u00e9n ciudades como Copiapo, Salvador, Potrerillos, Llanta, Diego de almagro, etc.<\/p>\n<p>A principio del a\u00f1o 1990 vuelve a sus or\u00edgenes, La Ligua, hasta la actualidad se mantiene esta zona enviando a sus clientes de la zona norte y centro sur del pa\u00eds, los ricos dulces de la Ligua. La fabrica cuenta con m\u00e1s de 33 a\u00f1os en el mercado y prestigio ganado con mucho esmero por sus due\u00f1os teniendo marca registrada, escalas nutricionales de cada uno de los productos y envasando en una moderna maquina adquirida alg\u00fan tiempo atr\u00e1s tambi\u00e8n con instalaciones sanitizadas por el servicio de salud de la V regi\u00f3n.<\/p>\n<div id='gallery-1' class='gallery galleryid-18 gallery-columns-5 gallery-size-medium'><figure class='gallery-item'>\n\t\t\t<div class='gallery-icon landscape'>\n\t\t\t\t<a href='https:\/\/www.dulceslaliguana.cl\/portada\/quienes-somos\/historia4\/'><img width=\"300\" height=\"206\" src=\"https:\/\/www.dulceslaliguana.cl\/portada\/wp-content\/uploads\/2015\/06\/historia4-300x206.jpg\" class=\"attachment-medium size-medium\" alt=\"\" decoding=\"async\" srcset=\"https:\/\/www.dulceslaliguana.cl\/portada\/wp-content\/uploads\/2015\/06\/historia4-300x206.jpg 300w, https:\/\/www.dulceslaliguana.cl\/portada\/wp-content\/uploads\/2015\/06\/historia4-600x413.jpg 600w, https:\/\/www.dulceslaliguana.cl\/portada\/wp-content\/uploads\/2015\/06\/historia4.jpg 800w\" sizes=\"(max-width: 300px) 100vw, 300px\" \/><\/a>\n\t\t\t<\/div><\/figure><figure class='gallery-item'>\n\t\t\t<div class='gallery-icon landscape'>\n\t\t\t\t<a href='https:\/\/www.dulceslaliguana.cl\/portada\/quienes-somos\/historia5\/'><img width=\"300\" height=\"177\" src=\"https:\/\/www.dulceslaliguana.cl\/portada\/wp-content\/uploads\/2015\/06\/historia5-300x177.jpg\" class=\"attachment-medium size-medium\" alt=\"\" decoding=\"async\" srcset=\"https:\/\/www.dulceslaliguana.cl\/portada\/wp-content\/uploads\/2015\/06\/historia5-300x177.jpg 300w, https:\/\/www.dulceslaliguana.cl\/portada\/wp-content\/uploads\/2015\/06\/historia5-600x354.jpg 600w, https:\/\/www.dulceslaliguana.cl\/portada\/wp-content\/uploads\/2015\/06\/historia5.jpg 800w\" sizes=\"(max-width: 300px) 100vw, 300px\" \/><\/a>\n\t\t\t<\/div><\/figure><figure class='gallery-item'>\n\t\t\t<div class='gallery-icon landscape'>\n\t\t\t\t<a href='https:\/\/www.dulceslaliguana.cl\/portada\/quienes-somos\/historia6\/'><img width=\"300\" height=\"177\" src=\"https:\/\/www.dulceslaliguana.cl\/portada\/wp-content\/uploads\/2015\/06\/historia6-300x177.jpg\" class=\"attachment-medium size-medium\" alt=\"\" decoding=\"async\" srcset=\"https:\/\/www.dulceslaliguana.cl\/portada\/wp-content\/uploads\/2015\/06\/historia6-300x177.jpg 300w, https:\/\/www.dulceslaliguana.cl\/portada\/wp-content\/uploads\/2015\/06\/historia6-600x354.jpg 600w, https:\/\/www.dulceslaliguana.cl\/portada\/wp-content\/uploads\/2015\/06\/historia6.jpg 800w\" sizes=\"(max-width: 300px) 100vw, 300px\" \/><\/a>\n\t\t\t<\/div><\/figure><figure class='gallery-item'>\n\t\t\t<div class='gallery-icon landscape'>\n\t\t\t\t<a href='https:\/\/www.dulceslaliguana.cl\/portada\/quienes-somos\/historia-2\/'><img width=\"300\" height=\"168\" src=\"https:\/\/www.dulceslaliguana.cl\/portada\/wp-content\/uploads\/2015\/06\/historia-300x168.jpg\" class=\"attachment-medium size-medium\" alt=\"\" decoding=\"async\" srcset=\"https:\/\/www.dulceslaliguana.cl\/portada\/wp-content\/uploads\/2015\/06\/historia-300x168.jpg 300w, https:\/\/www.dulceslaliguana.cl\/portada\/wp-content\/uploads\/2015\/06\/historia-600x337.jpg 600w, https:\/\/www.dulceslaliguana.cl\/portada\/wp-content\/uploads\/2015\/06\/historia-180x100.jpg 180w, https:\/\/www.dulceslaliguana.cl\/portada\/wp-content\/uploads\/2015\/06\/historia.jpg 800w\" sizes=\"(max-width: 300px) 100vw, 300px\" \/><\/a>\n\t\t\t<\/div><\/figure><figure class='gallery-item'>\n\t\t\t<div class='gallery-icon landscape'>\n\t\t\t\t<a href='https:\/\/www.dulceslaliguana.cl\/portada\/quienes-somos\/historia2\/'><img width=\"300\" height=\"217\" src=\"https:\/\/www.dulceslaliguana.cl\/portada\/wp-content\/uploads\/2015\/06\/historia2-300x217.jpg\" class=\"attachment-medium size-medium\" alt=\"\" decoding=\"async\" srcset=\"https:\/\/www.dulceslaliguana.cl\/portada\/wp-content\/uploads\/2015\/06\/historia2-300x217.jpg 300w, https:\/\/www.dulceslaliguana.cl\/portada\/wp-content\/uploads\/2015\/06\/historia2-600x434.jpg 600w, https:\/\/www.dulceslaliguana.cl\/portada\/wp-content\/uploads\/2015\/06\/historia2.jpg 800w\" sizes=\"(max-width: 300px) 100vw, 300px\" \/><\/a>\n\t\t\t<\/div><\/figure>\n\t\t<\/div>\n\n\n<figure class=\"wp-block-post-featured-image\"><img loading=\"lazy\" width=\"600\" height=\"220\" src=\"https:\/\/www.dulceslaliguana.cl\/portada\/wp-content\/uploads\/2015\/12\/IMG_20150824_080802448-600x220.jpg\" class=\"attachment-post-thumbnail size-post-thumbnail wp-post-image\" alt=\"\" decoding=\"async\" loading=\"lazy\" \/><\/figure>","protected":false},"excerpt":{"rendered":"<p>En el a\u00f1o 1972 contraen matrimonio Marcelo David Plaza Jaque y Ruth Mar\u00eda Olivares Fuentes quien se dedico a vender los dulces en la zona norte de nuestro pais siendo el primero en llevar directamente este delicioso producto, m\u00e1s tarde en 1977 ambos comienzan a fabricar sus propios productos &nbsp;bajo &hellip; <\/p>\n","protected":false},"author":1,"featured_media":205,"parent":0,"menu_order":2,"comment_status":"open","ping_status":"closed","template":"","meta":[],"_links":{"self":[{"href":"https:\/\/www.dulceslaliguana.cl\/portada\/wp-json\/wp\/v2\/pages\/18"}],"collection":[{"href":"https:\/\/www.dulceslaliguana.cl\/portada\/wp-json\/wp\/v2\/pages"}],"about":[{"href":"https:\/\/www.dulceslaliguana.cl\/portada\/wp-json\/wp\/v2\/types\/page"}],"author":[{"embeddable":true,"href":"https:\/\/www.dulceslaliguana.cl\/portada\/wp-json\/wp\/v2\/users\/1"}],"replies":[{"embeddable":true,"href":"https:\/\/www.dulceslaliguana.cl\/portada\/wp-json\/wp\/v2\/comments?post=18"}],"version-history":[{"count":20,"href":"https:\/\/www.dulceslaliguana.cl\/portada\/wp-json\/wp\/v2\/pages\/18\/revisions"}],"predecessor-version":[{"id":367,"href":"https:\/\/www.dulceslaliguana.cl\/portada\/wp-json\/wp\/v2\/pages\/18\/revisions\/367"}],"wp:featuredmedia":[{"embeddable":true,"href":"https:\/\/www.dulceslaliguana.cl\/portada\/wp-json\/wp\/v2\/media\/205"}],"wp:attachment":[{"href":"https:\/\/www.dulceslaliguana.cl\/portada\/wp-json\/wp\/v2\/media?parent=18"}],"curies":[{"name":"wp","href":"https:\/\/api.w.org\/{rel}","templated":true}]}}